{"id":677,"date":"2022-10-21T11:50:37","date_gmt":"2022-10-21T11:50:37","guid":{"rendered":"http:\/\/g2co.work\/ing\/?post_type=product&#038;p=677"},"modified":"2026-03-11T20:32:19","modified_gmt":"2026-03-11T20:32:19","slug":"oficina-privada","status":"publish","type":"product","link":"http:\/\/g2co.work\/ing\/producto\/oficina-privada\/","title":{"rendered":"Oficina privada"},"content":{"rendered":"","protected":false},"excerpt":{"rendered":"<p>* 2 oficinas privadas<br \/>\n* Acceso libre a internet de alta velocidad<br \/>\n* Frutas de estaci\u00f3n, caf\u00e9, t\u00e9 y mate<br \/>\n* Disponible por hora, d\u00eda, semana o mes<\/p>\n","protected":false},"featured_media":678,"comment_status":"closed","ping_status":"closed","template":"","meta":[],"product_brand":[],"product_cat":[32],"product_tag":[],"class_list":{"0":"post-677","1":"product","2":"type-product","3":"status-publish","4":"has-post-thumbnail","6":"product_cat-coworkers-ocasionales","8":"first","9":"instock","10":"shipping-taxable","11":"purchasable","12":"product-type-simple"},"_links":{"self":[{"href":"http:\/\/g2co.work\/ing\/wp-json\/wp\/v2\/product\/677","targetHints":{"allow":["GET"]}}],"collection":[{"href":"http:\/\/g2co.work\/ing\/wp-json\/wp\/v2\/product"}],"about":[{"href":"http:\/\/g2co.work\/ing\/wp-json\/wp\/v2\/types\/product"}],"replies":[{"embeddable":true,"href":"http:\/\/g2co.work\/ing\/wp-json\/wp\/v2\/comments?post=677"}],"wp:featuredmedia":[{"embeddable":true,"href":"http:\/\/g2co.work\/ing\/wp-json\/wp\/v2\/media\/678"}],"wp:attachment":[{"href":"http:\/\/g2co.work\/ing\/wp-json\/wp\/v2\/media?parent=677"}],"wp:term":[{"taxonomy":"product_brand","embeddable":true,"href":"http:\/\/g2co.work\/ing\/wp-json\/wp\/v2\/product_brand?post=677"},{"taxonomy":"product_cat","embeddable":true,"href":"http:\/\/g2co.work\/ing\/wp-json\/wp\/v2\/product_cat?post=677"},{"taxonomy":"product_tag","embeddable":true,"href":"http:\/\/g2co.work\/ing\/wp-json\/wp\/v2\/product_tag?post=677"}],"curies":[{"name":"wp","href":"https:\/\/api.w.org\/{rel}","templated":true}]}}