{"id":27,"date":"2022-10-18T11:59:22","date_gmt":"2022-10-18T11:59:22","guid":{"rendered":"http:\/\/g2co.work\/ing\/?page_id=27"},"modified":"2022-11-07T13:33:18","modified_gmt":"2022-11-07T13:33:18","slug":"reglamento_comunidad","status":"publish","type":"page","link":"http:\/\/g2co.work\/ing\/reglamento_comunidad\/","title":{"rendered":"Reglamento de la comunidad"},"content":{"rendered":"\t\t<div data-elementor-type=\"wp-page\" data-elementor-id=\"27\" class=\"elementor elementor-27\">\n\t\t\t\t\t\t<section class=\"elementor-section elementor-top-section elementor-element elementor-element-92b71f1 elementor-section-content-middle elementor-section-boxed elementor-section-height-default elementor-section-height-default\" data-id=\"92b71f1\" data-element_type=\"section\" data-e-type=\"section\">\n\t\t\t\t\t\t<div class=\"elementor-container elementor-column-gap-no\">\n\t\t\t\t\t<div class=\"elementor-column elementor-col-50 elementor-top-column elementor-element elementor-element-00ccf2e\" data-id=\"00ccf2e\" data-element_type=\"column\" data-e-type=\"column\">\n\t\t\t<div class=\"elementor-widget-wrap elementor-element-populated\">\n\t\t\t\t\t\t<div class=\"elementor-element elementor-element-b145f24 elementor-position-block-start elementor-view-default elementor-mobile-position-block-start elementor-widget elementor-widget-icon-box\" data-id=\"b145f24\" data-element_type=\"widget\" data-e-type=\"widget\" data-widget_type=\"icon-box.default\">\n\t\t\t\t<div class=\"elementor-widget-container\">\n\t\t\t\t\t\t\t<div class=\"elementor-icon-box-wrapper\">\n\n\t\t\t\t\t\t<div class=\"elementor-icon-box-icon\">\n\t\t\t\t<span  class=\"elementor-icon\">\n\t\t\t\t<i aria-hidden=\"true\" class=\"fas fa-person-booth\"><\/i>\t\t\t\t<\/span>\n\t\t\t<\/div>\n\t\t\t\n\t\t\t\t\t\t<div class=\"elementor-icon-box-content\">\n\n\t\t\t\t\t\t\t\t\t<h3 class=\"elementor-icon-box-title\">\n\t\t\t\t\t\t<span  >\n\t\t\t\t\t\t\tCOMUNIDAD Y AMBIENTE\t\t\t\t\t\t<\/span>\n\t\t\t\t\t<\/h3>\n\t\t\t\t\n\t\t\t\t\t\t\t\t\t<p class=\"elementor-icon-box-description\">\n\t\t\t\t\t\t\u2022       En el coworking encontrar\u00e1s personas con gustos y estilos diferentes, por lo que el respeto a los dem\u00e1s es esencial.\n\u2022\tTrata a los dem\u00e1s como quieres que te traten a ti.\n\u2022\tS\u00e9 cordial y respetuoso.\n\u2022\tEstar dispuesto a ofrecer y recibir ayuda.\n\u2022\tDeja el espacio tal cual como lo encontraste.\n\u2022\tEvita dejar o instalar tus pertenencias en las zonas de trabajo com\u00fan.\n\u2022\tUtiliza auriculares para escuchar m\u00fasica o realizar videollamadas.\n\u2022\tEvita hablar con tonos altos e intenta no hacer mucho ruido en las zonas de trabajo com\u00fan.\n\u2022\tRegresa los dispositivos, herramientas u objetos de uso com\u00fan a su lugar de origen\n\u2022\tLa heladera, horno microondas, pava el\u00e9ctrica y cafetera es de uso compartido. S\u00e9 consciente del espacio a utilizar y respeta el alimento de los dem\u00e1s.\n\u2022\tRespeta los turnos y horarios de la oficina privada y sala de reuniones.\n\u2022\tRespeta los turnos en la zona de almuerzo y microondas.\n\u2022\tEn nuestros espacios est\u00e1 prohibido fumar.\n\u2022\tEst\u00e1 prohibido el ingreso de animales a nuestras instalaciones.\t\t\t\t\t<\/p>\n\t\t\t\t\n\t\t\t<\/div>\n\t\t\t\n\t\t<\/div>\n\t\t\t\t\t\t<\/div>\n\t\t\t\t<\/div>\n\t\t\t\t<div class=\"elementor-element elementor-element-0bbf137 elementor-view-default elementor-position-block-start elementor-mobile-position-block-start elementor-widget elementor-widget-icon-box\" data-id=\"0bbf137\" data-element_type=\"widget\" data-e-type=\"widget\" data-widget_type=\"icon-box.default\">\n\t\t\t\t<div class=\"elementor-widget-container\">\n\t\t\t\t\t\t\t<div class=\"elementor-icon-box-wrapper\">\n\n\t\t\t\t\t\t<div class=\"elementor-icon-box-icon\">\n\t\t\t\t<span  class=\"elementor-icon\">\n\t\t\t\t<i aria-hidden=\"true\" class=\"far fa-thumbs-up\"><\/i>\t\t\t\t<\/span>\n\t\t\t<\/div>\n\t\t\t\n\t\t\t\t\t\t<div class=\"elementor-icon-box-content\">\n\n\t\t\t\t\t\t\t\t\t<h3 class=\"elementor-icon-box-title\">\n\t\t\t\t\t\t<span  >\n\t\t\t\t\t\t\trecursos\t\t\t\t\t\t<\/span>\n\t\t\t\t\t<\/h3>\n\t\t\t\t\n\t\t\t\t\t\t\t\t\t<p class=\"elementor-icon-box-description\">\n\t\t\t\t\t\tApaga las luces de las salas y dispositivos inactivos, inclusive si no fuiste t\u00fa quien los utiliz\u00f3.\nProcura apagar las luces si eres el \u00faltimo en salir.\nEvita dejar el aire acondicionado encendido si no haces uso de \u00e9l.\nNuestro servicio de caf\u00e9 y agua es ilimitado, procura utilizar los vasos de nuestros espacios para disminuir la generaci\u00f3n de residuos.\nLos usuarios son responsables de los da\u00f1os ocasionados al mobiliario, equipos e infraestructura de nuestros espacios.\nLa cocina puede ser utilizada como zona de trabajo o dispersi\u00f3n, pero recuerda darle prioridad a aquellas personas que lo utilizar\u00e1n para consumir alimentos.\nEl servicio de esc\u00e1ner e impresora es restringido. En caso de requerirlo, consulta previamente con nuestro personal.\nLos visitantes de los Coworkers no podr\u00e1n hacer uso de los puestos de trabajo para actividades diferentes al motivo de su visita.\nHacer un uso racional del Internet, evitar saturar la red con videojuegos o videos no asociados al trabajo. Si las actividades de la empresa o usuario alojado en el coworking corresponden a temas correspondientes al uso de videojuegos, videos y contenidos pesados, se debe avisar con antelaci\u00f3n.\nHacer uso adecuado de las redes. Las actividades da\u00f1inas, delitos o fraudes inform\u00e1ticos ser\u00e1n imputadas al usuario, quien deber\u00e1 responder a las sanciones penales correspondientes si es el caso.\t\t\t\t\t<\/p>\n\t\t\t\t\n\t\t\t<\/div>\n\t\t\t\n\t\t<\/div>\n\t\t\t\t\t\t<\/div>\n\t\t\t\t<\/div>\n\t\t\t\t\t<\/div>\n\t\t<\/div>\n\t\t\t\t<div class=\"elementor-column elementor-col-50 elementor-top-column elementor-element elementor-element-9e45573\" data-id=\"9e45573\" data-element_type=\"column\" data-e-type=\"column\">\n\t\t\t<div class=\"elementor-widget-wrap elementor-element-populated\">\n\t\t\t\t\t\t<div class=\"elementor-element elementor-element-05c66eb elementor-view-default elementor-position-block-start elementor-mobile-position-block-start elementor-widget elementor-widget-icon-box\" data-id=\"05c66eb\" data-element_type=\"widget\" data-e-type=\"widget\" data-widget_type=\"icon-box.default\">\n\t\t\t\t<div class=\"elementor-widget-container\">\n\t\t\t\t\t\t\t<div class=\"elementor-icon-box-wrapper\">\n\n\t\t\t\t\t\t<div class=\"elementor-icon-box-icon\">\n\t\t\t\t<span  class=\"elementor-icon\">\n\t\t\t\t<i aria-hidden=\"true\" class=\"fas fa-shower\"><\/i>\t\t\t\t<\/span>\n\t\t\t<\/div>\n\t\t\t\n\t\t\t\t\t\t<div class=\"elementor-icon-box-content\">\n\n\t\t\t\t\t\t\t\t\t<h3 class=\"elementor-icon-box-title\">\n\t\t\t\t\t\t<span  >\n\t\t\t\t\t\t\tAseo y limpieza\t\t\t\t\t\t<\/span>\n\t\t\t\t\t<\/h3>\n\t\t\t\t\n\t\t\t\t\t\t\t\t\t<p class=\"elementor-icon-box-description\">\n\t\t\t\t\t\tAseg\u00farate de lavar tus recipientes y los recipientes del coworking luego de comer o beber algo.\nProcura dejar limpio y aseado los espacios y equipos del coworking.\nUsa correctamente las papeleras y basureras dispuestas en los espacios.\nSi tienes alg\u00fan inconveniente o accidente que pueda afectar el aseo e higiene del lugar, recuerda contactar a nuestro personal.\nHaz buen uso del sanitario. Si tienes alg\u00fan inconveniente, hazlo saber a nuestro personal.\nEvita acumular basura en tu escritorio.\t\t\t\t\t<\/p>\n\t\t\t\t\n\t\t\t<\/div>\n\t\t\t\n\t\t<\/div>\n\t\t\t\t\t\t<\/div>\n\t\t\t\t<\/div>\n\t\t\t\t<div class=\"elementor-element elementor-element-811afa3 elementor-view-default elementor-position-block-start elementor-mobile-position-block-start elementor-widget elementor-widget-icon-box\" data-id=\"811afa3\" data-element_type=\"widget\" data-e-type=\"widget\" data-widget_type=\"icon-box.default\">\n\t\t\t\t<div class=\"elementor-widget-container\">\n\t\t\t\t\t\t\t<div class=\"elementor-icon-box-wrapper\">\n\n\t\t\t\t\t\t<div class=\"elementor-icon-box-icon\">\n\t\t\t\t<span  class=\"elementor-icon\">\n\t\t\t\t<i aria-hidden=\"true\" class=\"fas fa-home\"><\/i>\t\t\t\t<\/span>\n\t\t\t<\/div>\n\t\t\t\n\t\t\t\t\t\t<div class=\"elementor-icon-box-content\">\n\n\t\t\t\t\t\t\t\t\t<h3 class=\"elementor-icon-box-title\">\n\t\t\t\t\t\t<span  >\n\t\t\t\t\t\t\tseguridad\t\t\t\t\t\t<\/span>\n\t\t\t\t\t<\/h3>\n\t\t\t\t\n\t\t\t\t\t\t\t\t\t<p class=\"elementor-icon-box-description\">\n\t\t\t\t\t\tApaga las luces de las salas y dispositivos inactivos, inclusive si no fuiste t\u00fa quien los utiliz\u00f3.\nProcura apagar las luces si eres el \u00faltimo en salir.\nEvita dejar el aire acondicionado encendido si no haces uso de \u00e9l.\nNuestro servicio de caf\u00e9 y agua es ilimitado, procura utilizar los vasos de nuestros espacios para disminuir la generaci\u00f3n de residuos.\nLos usuarios son responsables de los da\u00f1os ocasionados al mobiliario, equipos e infraestructura de nuestros espacios.\nLa cocina puede ser utilizada como zona de trabajo o dispersi\u00f3n, pero recuerda darle prioridad a aquellas personas que lo utilizar\u00e1n para consumir alimentos.\nEl servicio de esc\u00e1ner e impresora es restringido. En caso de requerirlo, consulta previamente con nuestro personal.\nLos visitantes de los Coworkers no podr\u00e1n hacer uso de los puestos de trabajo para actividades diferentes al motivo de su visita.\nHacer un uso racional del Internet, evitar saturar la red con videojuegos o videos no asociados al trabajo. Si las actividades de la empresa o usuario alojado en el coworking corresponden a temas correspondientes al uso de videojuegos, videos y contenidos pesados, se debe avisar con antelaci\u00f3n.\nHacer uso adecuado de las redes. Las actividades da\u00f1inas, delitos o fraudes inform\u00e1ticos ser\u00e1n imputadas al usuario, quien deber\u00e1 responder a las sanciones penales correspondientes si es el caso.\t\t\t\t\t<\/p>\n\t\t\t\t\n\t\t\t<\/div>\n\t\t\t\n\t\t<\/div>\n\t\t\t\t\t\t<\/div>\n\t\t\t\t<\/div>\n\t\t\t\t\t<\/div>\n\t\t<\/div>\n\t\t\t\t\t<\/div>\n\t\t<\/section>\n\t\t\t\t<\/div>\n\t\t","protected":false},"excerpt":{"rendered":"<p>COMUNIDAD Y AMBIENTE \u2022 En el coworking encontrar\u00e1s personas con gustos y estilos diferentes, por lo que el respeto a&hellip;<\/p>\n","protected":false},"author":1,"featured_media":0,"parent":0,"menu_order":0,"comment_status":"closed","ping_status":"closed","template":"","meta":{"footnotes":""},"class_list":["post-27","page","type-page","status-publish","hentry"],"_links":{"self":[{"href":"http:\/\/g2co.work\/ing\/wp-json\/wp\/v2\/pages\/27","targetHints":{"allow":["GET"]}}],"collection":[{"href":"http:\/\/g2co.work\/ing\/wp-json\/wp\/v2\/pages"}],"about":[{"href":"http:\/\/g2co.work\/ing\/wp-json\/wp\/v2\/types\/page"}],"author":[{"embeddable":true,"href":"http:\/\/g2co.work\/ing\/wp-json\/wp\/v2\/users\/1"}],"replies":[{"embeddable":true,"href":"http:\/\/g2co.work\/ing\/wp-json\/wp\/v2\/comments?post=27"}],"version-history":[{"count":55,"href":"http:\/\/g2co.work\/ing\/wp-json\/wp\/v2\/pages\/27\/revisions"}],"predecessor-version":[{"id":980,"href":"http:\/\/g2co.work\/ing\/wp-json\/wp\/v2\/pages\/27\/revisions\/980"}],"wp:attachment":[{"href":"http:\/\/g2co.work\/ing\/wp-json\/wp\/v2\/media?parent=27"}],"curies":[{"name":"wp","href":"https:\/\/api.w.org\/{rel}","templated":true}]}}